{"id":2083,"date":"2014-10-25T08:40:35","date_gmt":"2014-10-25T08:40:35","guid":{"rendered":"http:\/\/codex-themes.com\/scalia\/?page_id=2083"},"modified":"2018-09-28T03:17:11","modified_gmt":"2018-09-28T03:17:11","slug":"faq-page","status":"publish","type":"page","link":"https:\/\/psicologoag.com\/index.php\/faq-page\/","title":{"rendered":"Servicios"},"content":{"rendered":"<p>[vc_row][vc_column][vc_separator color=&#8221;green&#8221;][vc_custom_heading text=&#8221;Servicios&#8221; font_container=&#8221;tag:h2|text_align:center&#8221;][vc_separator color=&#8221;green&#8221;][vc_tabs interval=&#8221;0&#8243; style=&#8221;1&#8243;][vc_tab title=&#8221;Adultos&#8221; tab_id=&#8221;1414226206-1-55&#8243;][vc_row_inner][vc_column_inner][vc_accordion active_tab=&#8221;1&#8243; disable_keyboard=&#8221;yes&#8221; effects_enabled=&#8221;1&#8243;][vc_accordion_tab title=&#8221;En la consulta de psicolog\u00eda encontrar\u00e1s tratamiento psicol\u00f3gico para los siguientes problemas en adultos:&#8221;][vc_column_text]<\/p>\n<div class=\"ContentBox\">\n<ul>\n<li>Trastornos del estado de \u00e1nimo, depresi\u00f3n.<\/li>\n<li>Problemas de ansiedad.<\/li>\n<li>Estr\u00e9s.<\/li>\n<li>Obsesiones.<\/li>\n<li>Fobias: fobia social, agorafobia, fobias espec\u00edficas.<\/li>\n<li>Duelo.<\/li>\n<li>Impulsividad, autocontrol.<\/li>\n<li>Habilidades sociales, asertividad.<\/li>\n<li>Problemas de pareja.<\/li>\n<li>Evaluaci\u00f3n Psicol\u00f3gica.<\/li>\n<\/ul>\n<\/div>\n<p>[\/vc_column_text][\/vc_accordion_tab][\/vc_accordion][\/vc_column_inner][\/vc_row_inner][\/vc_tab][vc_tab title=&#8221;Ni\u00f1os y Adolescentes&#8221; tab_id=&#8221;1414226206-2-14&#8243;][vc_row_inner][vc_column_inner][vc_accordion active_tab=&#8221;2&#8243; collapsible=&#8221;yes&#8221; effects_enabled=&#8221;1&#8243;][vc_accordion_tab title=&#8221;Para los m\u00e1s peque\u00f1os de la casa tambien contamos con:&#8221;][vc_column_text]<\/p>\n<div class=\"ContentBox\">\n<ul>\n<li>Ansiedad.<\/li>\n<li>Miedos, fobias.<\/li>\n<li>Trastornos del estado de \u00e1nimo, depresi\u00f3n, duelo.<\/li>\n<li>Obsesiones.<\/li>\n<li>Timidez, inseguridad.<\/li>\n<li>Dificultades en las relaciones sociales.<\/li>\n<li>Problemas de comportamiento.<\/li>\n<li>Impulsividad, agresividad, control de impulsos.<\/li>\n<li>T\u00e9cnicas de estudio.<\/li>\n<li>Evaluaci\u00f3n Psicol\u00f3gica.<\/li>\n<li><\/li>\n<\/ul>\n<\/div>\n<p>[\/vc_column_text][\/vc_accordion_tab][\/vc_accordion][\/vc_column_inner][\/vc_row_inner][\/vc_tab][\/vc_tabs][\/vc_column][\/vc_row]<\/p>\n","protected":false},"excerpt":{"rendered":"<p>[vc_row][vc_column][vc_separator color=&#8221;green&#8221;][vc_custom_heading text=&#8221;Servicios&#8221; font_container=&#8221;tag:h2|text_align:center&#8221;][vc_separator color=&#8221;green&#8221;][vc_tabs interval=&#8221;0&#8243; style=&#8221;1&#8243;][vc_tab title=&#8221;Adultos&#8221; tab_id=&#8221;1414226206-1-55&#8243;][vc_row_inner][vc_column_inner][vc_accordion active_tab=&#8221;1&#8243; disable_keyboard=&#8221;yes&#8221; effects_enabled=&#8221;1&#8243;][vc_accordion_tab title=&#8221;En la consulta de psicolog\u00eda encontrar\u00e1s tratamiento psicol\u00f3gico&#8230;<\/p>\n","protected":false},"author":1,"featured_media":0,"parent":0,"menu_order":0,"comment_status":"closed","ping_status":"open","template":"","meta":[],"_links":{"self":[{"href":"https:\/\/psicologoag.com\/index.php\/wp-json\/wp\/v2\/pages\/2083"}],"collection":[{"href":"https:\/\/psicologoag.com\/index.php\/wp-json\/wp\/v2\/pages"}],"about":[{"href":"https:\/\/psicologoag.com\/index.php\/wp-json\/wp\/v2\/types\/page"}],"author":[{"embeddable":true,"href":"https:\/\/psicologoag.com\/index.php\/wp-json\/wp\/v2\/users\/1"}],"replies":[{"embeddable":true,"href":"https:\/\/psicologoag.com\/index.php\/wp-json\/wp\/v2\/comments?post=2083"}],"version-history":[{"count":11,"href":"https:\/\/psicologoag.com\/index.php\/wp-json\/wp\/v2\/pages\/2083\/revisions"}],"predecessor-version":[{"id":11064,"href":"https:\/\/psicologoag.com\/index.php\/wp-json\/wp\/v2\/pages\/2083\/revisions\/11064"}],"wp:attachment":[{"href":"https:\/\/psicologoag.com\/index.php\/wp-json\/wp\/v2\/media?parent=2083"}],"curies":[{"name":"wp","href":"https:\/\/api.w.org\/{rel}","templated":true}]}}